{"id":3580,"date":"2024-07-17T16:53:55","date_gmt":"2024-07-17T16:53:55","guid":{"rendered":"https:\/\/www.institut-cognition.com\/?page_id=3580"},"modified":"2025-07-05T15:36:24","modified_gmt":"2025-07-05T15:36:24","slug":"contactez-nous","status":"publish","type":"page","link":"https:\/\/www.institut-cognition.com\/en\/contactez-nous\/","title":{"rendered":"Contact Us"},"content":{"rendered":"<div data-elementor-type=\"wp-page\" data-elementor-id=\"3580\" class=\"elementor elementor-3580\" data-elementor-post-type=\"page\">\n\t\t\t\t<div class=\"elementor-element elementor-element-35d789b e-flex e-con-boxed e-con e-parent\" data-id=\"35d789b\" data-element_type=\"container\" data-e-type=\"container\" id=\"scroll\" data-settings=\"{&quot;background_background&quot;:&quot;gradient&quot;}\">\n\t\t\t\t\t<div class=\"e-con-inner\">\n\t\t<div class=\"elementor-element elementor-element-32bae6d e-con-full e-flex e-con e-child\" data-id=\"32bae6d\" data-element_type=\"container\" data-e-type=\"container\">\n\t\t\t\t<div class=\"elementor-element elementor-element-dad755f elementor-widget__width-initial elementor-invisible elementor-widget elementor-widget-text-editor\" data-id=\"dad755f\" data-element_type=\"widget\" data-e-type=\"widget\" data-settings=\"{&quot;_animation&quot;:&quot;fadeInUp&quot;}\" data-widget_type=\"text-editor.default\">\n\t\t\t\t<div class=\"elementor-widget-container\">\n\t\t\t\t\t\t\t\t\t<p>Do you have a question about cognitive science, would you like to be put in touch with our experts or explore opportunities for collaboration?<\/p>\t\t\t\t\t\t\t\t<\/div>\n\t\t\t\t<\/div>\n\t\t\t\t<\/div>\n\t\t<div class=\"elementor-element elementor-element-ba1f7e6 e-con-full e-flex elementor-invisible e-con e-child\" data-id=\"ba1f7e6\" data-element_type=\"container\" data-e-type=\"container\" data-settings=\"{&quot;animation&quot;:&quot;fadeInUp&quot;}\">\n\t\t\t\t<div class=\"elementor-element elementor-element-5e6126d elementor-widget elementor-widget-text-editor\" data-id=\"5e6126d\" data-element_type=\"widget\" data-e-type=\"widget\" data-widget_type=\"text-editor.default\">\n\t\t\t\t<div class=\"elementor-widget-container\">\n\t\t\t\t\t\t\t\t\t<p>Contact us<\/p>\t\t\t\t\t\t\t\t<\/div>\n\t\t\t\t<\/div>\n\t\t\t\t<div class=\"elementor-element elementor-element-951cd79 elementor-widget__width-initial elementor-widget elementor-widget-text-editor\" data-id=\"951cd79\" data-element_type=\"widget\" data-e-type=\"widget\" data-widget_type=\"text-editor.default\">\n\t\t\t\t<div class=\"elementor-widget-container\">\n\t\t\t\t\t\t\t\t\t<p>Please do not hesitate to contact us using the form below or by using the following information:<\/p><p><b>Institut Cognition<\/b><b><br \/><\/b>ENSC-Bordeaux INP<br \/>109 avenue Roul<br \/>33400 Talence<br \/>France\u00a0<\/p>\t\t\t\t\t\t\t\t<\/div>\n\t\t\t\t<\/div>\n\t\t\t\t<div class=\"elementor-element elementor-element-ef78812 elementor-widget elementor-widget-text-editor\" data-id=\"ef78812\" data-element_type=\"widget\" data-e-type=\"widget\" data-widget_type=\"text-editor.default\">\n\t\t\t\t<div class=\"elementor-widget-container\">\n\t\t\t\t\t\t\t\t\t<ul><li>\u00a0\u00a0 <strong>+33 (0)5 57 00 67 40<\/strong><\/li><\/ul><ul><li><strong>\u00a0\u00a0 <a href=\"mailto:contact@institut-cognition.com\"><span style=\"text-decoration: underline;\">contact@institut-cognition.com<\/span><\/a><\/strong><\/li><\/ul>\t\t\t\t\t\t\t\t<\/div>\n\t\t\t\t<\/div>\n\t\t\t\t<div class=\"elementor-element elementor-element-ae5d948 elementor-shape-circle elementor-grid-0 e-grid-align-center elementor-widget elementor-widget-social-icons\" data-id=\"ae5d948\" data-element_type=\"widget\" data-e-type=\"widget\" data-widget_type=\"social-icons.default\">\n\t\t\t\t<div class=\"elementor-widget-container\">\n\t\t\t\t\t\t\t<div class=\"elementor-social-icons-wrapper elementor-grid\" role=\"list\">\n\t\t\t\t\t\t\t<span class=\"elementor-grid-item\" role=\"listitem\">\n\t\t\t\t\t<a class=\"elementor-icon elementor-social-icon elementor-social-icon-linkedin elementor-animation-grow elementor-repeater-item-860e18d\" href=\"https:\/\/www.linkedin.com\/company\/11403802\/\" target=\"_blank\">\n\t\t\t\t\t\t<span class=\"elementor-screen-only\">Linkedin<\/span>\n\t\t\t\t\t\t<svg aria-hidden=\"true\" class=\"e-font-icon-svg e-fab-linkedin\" viewbox=\"0 0 448 512\" xmlns=\"http:\/\/www.w3.org\/2000\/svg\"><path d=\"M416 32H31.9C14.3 32 0 46.5 0 64.3v383.4C0 465.5 14.3 480 31.9 480H416c17.6 0 32-14.5 32-32.3V64.3c0-17.8-14.4-32.3-32-32.3zM135.4 416H69V202.2h66.5V416zm-33.2-243c-21.3 0-38.5-17.3-38.5-38.5S80.9 96 102.2 96c21.2 0 38.5 17.3 38.5 38.5 0 21.3-17.2 38.5-38.5 38.5zm282.1 243h-66.4V312c0-24.8-.5-56.7-34.5-56.7-34.6 0-39.9 27-39.9 54.9V416h-66.4V202.2h63.7v29.2h.9c8.9-16.8 30.6-34.5 62.9-34.5 67.2 0 79.7 44.3 79.7 101.9V416z\"><\/path><\/svg>\t\t\t\t\t<\/a>\n\t\t\t\t<\/span>\n\t\t\t\t\t\t\t<span class=\"elementor-grid-item\" role=\"listitem\">\n\t\t\t\t\t<a class=\"elementor-icon elementor-social-icon elementor-social-icon-x-twitter elementor-animation-grow elementor-repeater-item-705323f\" href=\"https:\/\/x.com\/inst_cognition\" target=\"_blank\">\n\t\t\t\t\t\t<span class=\"elementor-screen-only\">X-twitter<\/span>\n\t\t\t\t\t\t<svg aria-hidden=\"true\" class=\"e-font-icon-svg e-fab-x-twitter\" viewbox=\"0 0 512 512\" xmlns=\"http:\/\/www.w3.org\/2000\/svg\"><path d=\"M389.2 48h70.6L305.6 224.2 487 464H345L233.7 318.6 106.5 464H35.8L200.7 275.5 26.8 48H172.4L272.9 180.9 389.2 48zM364.4 421.8h39.1L151.1 88h-42L364.4 421.8z\"><\/path><\/svg>\t\t\t\t\t<\/a>\n\t\t\t\t<\/span>\n\t\t\t\t\t\t\t<span class=\"elementor-grid-item\" role=\"listitem\">\n\t\t\t\t\t<a class=\"elementor-icon elementor-social-icon elementor-social-icon-youtube elementor-animation-grow elementor-repeater-item-9b17cc3\" href=\"https:\/\/www.youtube.com\/channel\/UChflFwSuRtXZPdZxZE2B9FQ\" target=\"_blank\">\n\t\t\t\t\t\t<span class=\"elementor-screen-only\">Youtube<\/span>\n\t\t\t\t\t\t<svg aria-hidden=\"true\" class=\"e-font-icon-svg e-fab-youtube\" viewbox=\"0 0 576 512\" xmlns=\"http:\/\/www.w3.org\/2000\/svg\"><path d=\"M549.655 124.083c-6.281-23.65-24.787-42.276-48.284-48.597C458.781 64 288 64 288 64S117.22 64 74.629 75.486c-23.497 6.322-42.003 24.947-48.284 48.597-11.412 42.867-11.412 132.305-11.412 132.305s0 89.438 11.412 132.305c6.281 23.65 24.787 41.5 48.284 47.821C117.22 448 288 448 288 448s170.78 0 213.371-11.486c23.497-6.321 42.003-24.171 48.284-47.821 11.412-42.867 11.412-132.305 11.412-132.305s0-89.438-11.412-132.305zm-317.51 213.508V175.185l142.739 81.205-142.739 81.201z\"><\/path><\/svg>\t\t\t\t\t<\/a>\n\t\t\t\t<\/span>\n\t\t\t\t\t<\/div>\n\t\t\t\t\t\t<\/div>\n\t\t\t\t<\/div>\n\t\t\t\t<\/div>\n\t\t<div class=\"elementor-element elementor-element-4c2dbd9 e-con-full e-flex elementor-invisible e-con e-child\" data-id=\"4c2dbd9\" data-element_type=\"container\" data-e-type=\"container\" data-settings=\"{&quot;animation&quot;:&quot;fadeInUp&quot;}\">\n\t\t\t\t<div class=\"elementor-element elementor-element-b50bc20 elementor-widget elementor-widget-shortcode\" data-id=\"b50bc20\" data-element_type=\"widget\" data-e-type=\"widget\" data-widget_type=\"shortcode.default\">\n\t\t\t\t<div class=\"elementor-widget-container\">\n\t\t\t\t\t\t\t<div class=\"elementor-shortcode\">\n<div class=\"wpcf7 no-js\" id=\"wpcf7-f6118-o1\" lang=\"fr-FR\" dir=\"ltr\" data-wpcf7-id=\"6118\">\n<div class=\"screen-reader-response\"><p role=\"status\" aria-live=\"polite\" aria-atomic=\"true\"><\/p> <ul><\/ul><\/div>\n<form action=\"\/en\/wp-json\/wp\/v2\/pages\/3580#wpcf7-f6118-o1\" method=\"post\" class=\"wpcf7-form init\" aria-label=\"Formulaire de contact\" novalidate=\"novalidate\" data-status=\"init\" data-trp-original-action=\"\/en\/wp-json\/wp\/v2\/pages\/3580#wpcf7-f6118-o1\">\n<fieldset class=\"hidden-fields-container\"><input type=\"hidden\" name=\"_wpcf7\" value=\"6118\" \/><input type=\"hidden\" name=\"_wpcf7_version\" value=\"6.1.5\" \/><input type=\"hidden\" name=\"_wpcf7_locale\" value=\"fr_FR\" \/><input type=\"hidden\" name=\"_wpcf7_unit_tag\" value=\"wpcf7-f6118-o1\" \/><input type=\"hidden\" name=\"_wpcf7_container_post\" value=\"0\" \/><input type=\"hidden\" name=\"_wpcf7_posted_data_hash\" value=\"\" \/>\n<\/fieldset>\n<div class=\"form-row\">\n\t<p><label class=\"form-half\"><span class=\"wpcf7-form-control-wrap\" data-name=\"lastname\"><input size=\"40\" maxlength=\"400\" class=\"wpcf7-form-control wpcf7-text wpcf7-validates-as-required\" autocomplete=\"lastname\" aria-required=\"true\" aria-invalid=\"false\" placeholder=\"Lastname\" value=\"\" type=\"text\" name=\"lastname\" \/><\/span><\/label><br \/>\n<label class=\"form-half\"><span class=\"wpcf7-form-control-wrap\" data-name=\"firstname\"><input size=\"40\" maxlength=\"400\" class=\"wpcf7-form-control wpcf7-text wpcf7-validates-as-required\" autocomplete=\"firstname\" aria-required=\"true\" aria-invalid=\"false\" placeholder=\"Firstname\" value=\"\" type=\"text\" name=\"firstname\" \/><\/span><\/label>\n\t<\/p>\n<\/div>\n<p>\n\t\t<div class=\"la-sentinelle-container\" style=\"max-height:0;overflow:hidden;\" hidden=\"true\" aria-hidden=\"true\">\n\t\t\n\t\t\t<input value=\"10645\" type=\"text\" name=\"la_sentinelle_f4d656504288ac491e37d40f123fee37\" class=\"la_sentinelle_f4d656504288ac491e37d40f123fee37\" id=\"la_sentinelle_f4d656504288ac491e37d40f123fee37-1\" placeholder=\"\" style=\"transform: translateY(10000px);\" \/>\n\t\t\t<input value=\"10645\" type=\"text\" name=\"la_sentinelle_19ced33ff84129686caea8744a535085\" class=\"la_sentinelle_19ced33ff84129686caea8744a535085\" id=\"la_sentinelle_19ced33ff84129686caea8744a535085-1\" placeholder=\"\" style=\"transform: translateY(10000px);\" \/>\n\t\t\t\n\t\t<input value=\"22\" type=\"text\" name=\"la_sentinelle_1c1977b3c39a0403be423cc28005466e\" class=\"la_sentinelle_1c1977b3c39a0403be423cc28005466e\" id=\"la_sentinelle_1c1977b3c39a0403be423cc28005466e-1\" placeholder=\"\" style=\"transform: translateY(10000px);\" \/>\n\t\t\n\t\t<input value=\"22\" type=\"text\" name=\"la_sentinelle_62a499a8f2b31764475519f33e43e525\" class=\"la_sentinelle_62a499a8f2b31764475519f33e43e525\" id=\"la_sentinelle_62a499a8f2b31764475519f33e43e525-1\" placeholder=\"\" style=\"transform: translateY(10000px);\" \/>\n\t\t<input value=\"MjE2LjczLjIxNi4xMTg=\" type=\"text\" name=\"la_sentinelle_c941b42e825aee9621ea99377fe46be3\" class=\"la_sentinelle_c941b42e825aee9621ea99377fe46be3\" id=\"la_sentinelle_c941b42e825aee9621ea99377fe46be3-1\" placeholder=\"\" style=\"transform: translateY(10000px);\" \/>\n\t<input type=\"text\" class=\"la_sentinelle_0cda6488ea98b934256595a9794fc963\" id=\"la_sentinelle_0cda6488ea98b934256595a9794fc963-1\" name=\"la_sentinelle_0cda6488ea98b934256595a9794fc963\" value=\"c8ff025530\" style=\"transform: translateY(10000px);\" \/>\n\t\t\n\t\t<input value=\"\" type=\"text\" name=\"la_sentinelle_00270180775266c6194cc09080b2b014\" class=\"la_sentinelle_00270180775266c6194cc09080b2b014\" id=\"la_sentinelle_00270180775266c6194cc09080b2b014-1\" placeholder=\"\" style=\"transform: translateY(10000px);\" \/>\n\t\t\n\t\t<\/div>\n\t\t<div class=\"la-sentinelle-container-nojs-message\">\n\t\t\t<noscript><div class=\"no-js\">Avertissement\u00a0: ce formulaire peut uniquement \u00eatre utilis\u00e9 si JavaScript est activ\u00e9 dans votre navigateur.<\/div><\/noscript>\n\t\t<\/div>\n\t\t\n<\/p>\n<div class=\"form-row\">\n\t<p><label><span class=\"wpcf7-form-control-wrap\" data-name=\"email\"><input size=\"40\" maxlength=\"400\" class=\"wpcf7-form-control wpcf7-email wpcf7-validates-as-required wpcf7-text wpcf7-validates-as-email\" autocomplete=\"email\" aria-required=\"true\" aria-invalid=\"false\" placeholder=\"E-mail address\" value=\"\" type=\"email\" name=\"email\" \/><\/span><\/label>\n\t<\/p>\n<\/div>\n<div class=\"form-row\">\n\t<p><label><span class=\"wpcf7-form-control-wrap\" data-name=\"subject\"><input size=\"40\" maxlength=\"400\" class=\"wpcf7-form-control wpcf7-text\" aria-invalid=\"false\" placeholder=\"Subject\" value=\"\" type=\"text\" name=\"subject\" \/><\/span><\/label>\n\t<\/p>\n<\/div>\n<div class=\"form-row\">\n\t<p><label><span class=\"wpcf7-form-control-wrap\" data-name=\"message\"><textarea cols=\"40\" rows=\"10\" maxlength=\"2000\" class=\"wpcf7-form-control wpcf7-textarea\" aria-invalid=\"false\" placeholder=\"Message\" name=\"message\"><\/textarea><\/span><\/label>\n\t<\/p>\n<\/div>\n<div class=\"form-row privacy\">\n\t<p><span class=\"wpcf7-form-control-wrap\" data-name=\"privacy\"><span class=\"wpcf7-form-control wpcf7-acceptance\"><span class=\"wpcf7-list-item\"><label><input type=\"checkbox\" name=\"privacy\" value=\"1\" aria-invalid=\"false\" \/><span class=\"wpcf7-list-item-label\">I accept <a href=\"https:\/\/www.institut-cognition.com\/en\/privacy-policy\/\" target=\"_blank\">privacy policy<\/a><\/span><\/label><\/span><\/span><\/span>\n\t<\/p>\n<\/div>\n<div class=\"form-row\">\n\t<p><input class=\"wpcf7-form-control wpcf7-submit has-spinner\" type=\"submit\" value=\"Submit\" \/>\n\t<\/p>\n<\/div><div class=\"wpcf7-response-output\" aria-hidden=\"true\"><\/div>\n<input type=\"hidden\" name=\"trp-form-language\" value=\"en\"\/><\/form>\n<\/div>\n<\/div>\n\t\t\t\t\t\t<\/div>\n\t\t\t\t<\/div>\n\t\t\t\t<\/div>\n\t\t\t\t\t<\/div>\n\t\t\t\t<\/div>\n\t\t\t\t<\/div>","protected":false},"excerpt":{"rendered":"<p>Vous avez une question sur les sciences cognitives, souhaitez \u00eatre mis en relation avec nos experts ou explorer des opportunit\u00e9s de collaboration ? Nous contacter N&rsquo;h\u00e9sitez pas \u00e0 nous contacter en utilisant le formulaire ci-dessous ou en utilisant les informations suivantes : Institut CognitionENSC-Bordeaux INP109 avenue Roul33400 TalenceFrance\u00a0 \u00a0\u00a0 +33 (0)5 57 00 67 40 [&hellip;]<\/p>\n","protected":false},"author":23,"featured_media":0,"parent":0,"menu_order":0,"comment_status":"closed","ping_status":"closed","template":"","meta":{"_acf_changed":false,"_seopress_robots_primary_cat":"","_seopress_titles_title":"Contactez l\u2019Institut Carnot Cognition pour Plus d'Informations","_seopress_titles_desc":"Trouvez facilement un correspondant Carnot dans nos laboratoires labellis\u00e9s pour obtenir des informations d\u00e9taill\u00e9es sur nos activit\u00e9s et acc\u00e9der \u00e0 notre Intranet.","_seopress_robots_index":"","footnotes":""},"class_list":["post-3580","page","type-page","status-publish","hentry"],"acf":[],"_links":{"self":[{"href":"https:\/\/www.institut-cognition.com\/en\/wp-json\/wp\/v2\/pages\/3580","targetHints":{"allow":["GET"]}}],"collection":[{"href":"https:\/\/www.institut-cognition.com\/en\/wp-json\/wp\/v2\/pages"}],"about":[{"href":"https:\/\/www.institut-cognition.com\/en\/wp-json\/wp\/v2\/types\/page"}],"author":[{"embeddable":true,"href":"https:\/\/www.institut-cognition.com\/en\/wp-json\/wp\/v2\/users\/23"}],"replies":[{"embeddable":true,"href":"https:\/\/www.institut-cognition.com\/en\/wp-json\/wp\/v2\/comments?post=3580"}],"version-history":[{"count":42,"href":"https:\/\/www.institut-cognition.com\/en\/wp-json\/wp\/v2\/pages\/3580\/revisions"}],"predecessor-version":[{"id":6129,"href":"https:\/\/www.institut-cognition.com\/en\/wp-json\/wp\/v2\/pages\/3580\/revisions\/6129"}],"wp:attachment":[{"href":"https:\/\/www.institut-cognition.com\/en\/wp-json\/wp\/v2\/media?parent=3580"}],"curies":[{"name":"wp","href":"https:\/\/api.w.org\/{rel}","templated":true}]}}