{"id":3518,"date":"2024-07-17T03:48:02","date_gmt":"2024-07-17T03:48:02","guid":{"rendered":"https:\/\/www.institut-cognition.com\/?page_id=3518"},"modified":"2026-02-13T10:08:34","modified_gmt":"2026-02-13T10:08:34","slug":"ressources","status":"publish","type":"page","link":"https:\/\/www.institut-cognition.com\/en\/ressources\/","title":{"rendered":"Resources"},"content":{"rendered":"<div data-elementor-type=\"wp-page\" data-elementor-id=\"3518\" class=\"elementor elementor-3518\" data-elementor-post-type=\"page\">\n\t\t\t\t<div class=\"elementor-element elementor-element-a63b4d8 e-flex e-con-boxed e-con e-parent\" data-id=\"a63b4d8\" data-element_type=\"container\" data-e-type=\"container\" data-settings=\"{&quot;background_background&quot;:&quot;classic&quot;}\">\n\t\t\t\t\t<div class=\"e-con-inner\">\n\t\t\t\t<div class=\"elementor-element elementor-element-06f5291 elementor-invisible elementor-widget elementor-widget-heading\" data-id=\"06f5291\" data-element_type=\"widget\" data-e-type=\"widget\" data-settings=\"{&quot;_animation&quot;:&quot;fadeInUp&quot;}\" data-widget_type=\"heading.default\">\n\t\t\t\t<div class=\"elementor-widget-container\">\n\t\t\t\t\t<h1 class=\"elementor-heading-title elementor-size-default\">Resources<\/h1>\t\t\t\t<\/div>\n\t\t\t\t<\/div>\n\t\t\t\t<div class=\"elementor-element elementor-element-f77fe3c elementor-widget__width-initial elementor-invisible elementor-widget elementor-widget-text-editor\" data-id=\"f77fe3c\" data-element_type=\"widget\" data-e-type=\"widget\" data-settings=\"{&quot;_animation&quot;:&quot;fadeInUp&quot;}\" data-widget_type=\"text-editor.default\">\n\t\t\t\t<div class=\"elementor-widget-container\">\n\t\t\t\t\t\t\t\t\t<p>Documents and videos to find out more about the Institute.<\/p>\t\t\t\t\t\t\t\t<\/div>\n\t\t\t\t<\/div>\n\t\t<div class=\"elementor-element elementor-element-6dadae0 e-con-full e-flex elementor-invisible e-con e-child\" data-id=\"6dadae0\" data-element_type=\"container\" data-e-type=\"container\" data-settings=\"{&quot;animation&quot;:&quot;fadeInUp&quot;}\">\n\t\t\t\t<div class=\"elementor-element elementor-element-d198d2c elementor-widget elementor-widget-button\" data-id=\"d198d2c\" data-element_type=\"widget\" data-e-type=\"widget\" data-widget_type=\"button.default\">\n\t\t\t\t<div class=\"elementor-widget-container\">\n\t\t\t\t\t\t\t\t\t<div class=\"elementor-button-wrapper\">\n\t\t\t\t\t<a class=\"elementor-button elementor-button-link elementor-size-sm\" href=\"https:\/\/www.institut-cognition.com\/en\/les-laboratoires\/\">\n\t\t\t\t\t\t<span class=\"elementor-button-content-wrapper\">\n\t\t\t\t\t\t\t\t\t<span class=\"elementor-button-text\">The Laboratories<\/span>\n\t\t\t\t\t<\/span>\n\t\t\t\t\t<\/a>\n\t\t\t\t<\/div>\n\t\t\t\t\t\t\t\t<\/div>\n\t\t\t\t<\/div>\n\t\t\t\t<div class=\"elementor-element elementor-element-69bd4a9 elementor-widget elementor-widget-button\" data-id=\"69bd4a9\" data-element_type=\"widget\" data-e-type=\"widget\" data-widget_type=\"button.default\">\n\t\t\t\t<div class=\"elementor-widget-container\">\n\t\t\t\t\t\t\t\t\t<div class=\"elementor-button-wrapper\">\n\t\t\t\t\t<a class=\"elementor-button elementor-button-link elementor-size-sm\" href=\"https:\/\/www.institut-cognition.com\/en\/le-reseau-carnot\/\">\n\t\t\t\t\t\t<span class=\"elementor-button-content-wrapper\">\n\t\t\t\t\t\t\t\t\t<span class=\"elementor-button-text\">The Carnot Network<\/span>\n\t\t\t\t\t<\/span>\n\t\t\t\t\t<\/a>\n\t\t\t\t<\/div>\n\t\t\t\t\t\t\t\t<\/div>\n\t\t\t\t<\/div>\n\t\t\t\t<\/div>\n\t\t<div class=\"elementor-element elementor-element-ac28888 e-con-full e-flex elementor-invisible e-con e-child\" data-id=\"ac28888\" data-element_type=\"container\" data-e-type=\"container\" data-settings=\"{&quot;animation&quot;:&quot;fadeInUp&quot;}\">\n\t\t\t\t<div class=\"elementor-element elementor-element-c196f25 elementor-widget elementor-widget-html\" data-id=\"c196f25\" data-element_type=\"widget\" data-e-type=\"widget\" data-widget_type=\"html.default\">\n\t\t\t\t<div class=\"elementor-widget-container\">\n\t\t\t\t\t<section id=\"section03\" class=\"scroll-btn\">\n  <a href=\"#scroll\"><span><\/span><\/a>\n<\/section>\t\t\t\t<\/div>\n\t\t\t\t<\/div>\n\t\t\t\t<\/div>\n\t\t\t\t\t<\/div>\n\t\t\t\t<\/div>\n\t\t<div class=\"elementor-element elementor-element-7435a98 e-flex e-con-boxed e-con e-parent\" data-id=\"7435a98\" data-element_type=\"container\" data-e-type=\"container\" id=\"scroll\">\n\t\t\t\t\t<div class=\"e-con-inner\">\n\t\t\t\t<div class=\"elementor-element elementor-element-707707b elementor-widget-mobile__width-inherit elementor-widget elementor-widget-text-editor\" data-id=\"707707b\" data-element_type=\"widget\" data-e-type=\"widget\" data-widget_type=\"text-editor.default\">\n\t\t\t\t<div class=\"elementor-widget-container\">\n\t\t\t\t\t\t\t\t\t<p>The Carnot Cognition Institute<\/p>\t\t\t\t\t\t\t\t<\/div>\n\t\t\t\t<\/div>\n\t\t\t\t<div class=\"elementor-element elementor-element-dd4e9cd elementor-widget__width-initial elementor-widget-mobile__width-initial elementor-widget-tablet__width-inherit elementor-invisible elementor-widget elementor-widget-text-editor\" data-id=\"dd4e9cd\" data-element_type=\"widget\" data-e-type=\"widget\" data-settings=\"{&quot;_animation&quot;:&quot;fadeInUp&quot;}\" data-widget_type=\"text-editor.default\">\n\t\t\t\t<div class=\"elementor-widget-container\">\n\t\t\t\t\t\t\t\t\t<p>The Carnot Cognition Institute provides publications that showcase the work of researchers.<\/p>\t\t\t\t\t\t\t\t<\/div>\n\t\t\t\t<\/div>\n\t\t\t\t\t<\/div>\n\t\t\t\t<\/div>\n\t\t<div class=\"elementor-element elementor-element-edbb01a e-flex e-con-boxed e-con e-parent\" data-id=\"edbb01a\" data-element_type=\"container\" data-e-type=\"container\" data-settings=\"{&quot;background_background&quot;:&quot;gradient&quot;}\">\n\t\t\t\t\t<div class=\"e-con-inner\">\n\t\t\t\t<div class=\"elementor-element elementor-element-c2fe89c elementor-widget__width-initial elementor-widget-mobile__width-initial elementor-invisible elementor-widget elementor-widget-text-editor\" data-id=\"c2fe89c\" data-element_type=\"widget\" data-e-type=\"widget\" data-settings=\"{&quot;_animation&quot;:&quot;fadeInUp&quot;}\" data-widget_type=\"text-editor.default\">\n\t\t\t\t<div class=\"elementor-widget-container\">\n\t\t\t\t\t\t\t\t\t<p><strong>1. Yearbook<\/strong><\/p><p>Le Yearbook s\u2019adresse aux acteurs du monde socio-\u00e9conomique d\u00e9sireux de conna\u00eetre les avanc\u00e9es en cognition de nos laboratoires ; il leur apportera aussi un \u00e9clairage quant aux applications des technologies cognitives pouvant constituer un levier consid\u00e9rable pour le potentiel d\u2019innovation et la comp\u00e9titivit\u00e9 des entreprises.<\/p><p>For researchers in the public and private sectors, this Yearbook is a summary activity report highlighting the scientific expertise of Institut Carnot Cognition researchers.<\/p><p>More than ever, science is coming out of its laboratories to meet you!<\/p>\t\t\t\t\t\t\t\t<\/div>\n\t\t\t\t<\/div>\n\t\t\t\t<div class=\"elementor-element elementor-element-84638a9 elementor-tabs-view-vertical elementor-widget elementor-widget-tabs\" data-id=\"84638a9\" data-element_type=\"widget\" data-e-type=\"widget\" data-widget_type=\"tabs.default\">\n\t\t\t\t<div class=\"elementor-widget-container\">\n\t\t\t\t\t\t\t<div class=\"elementor-tabs\">\n\t\t\t<div class=\"elementor-tabs-wrapper\" role=\"tablist\" >\n\t\t\t\t\t\t\t\t\t<div id=\"elementor-tab-title-1381\" class=\"elementor-tab-title elementor-tab-desktop-title\" aria-selected=\"true\" data-tab=\"1\" role=\"tab\" tabindex=\"0\" aria-controls=\"elementor-tab-content-1381\" aria-expanded=\"false\">2024<\/div>\n\t\t\t\t\t\t\t\t\t<div id=\"elementor-tab-title-1382\" class=\"elementor-tab-title elementor-tab-desktop-title\" aria-selected=\"false\" data-tab=\"2\" role=\"tab\" tabindex=\"-1\" aria-controls=\"elementor-tab-content-1382\" aria-expanded=\"false\">2021<\/div>\n\t\t\t\t\t\t\t\t\t<div id=\"elementor-tab-title-1383\" class=\"elementor-tab-title elementor-tab-desktop-title\" aria-selected=\"false\" data-tab=\"3\" role=\"tab\" tabindex=\"-1\" aria-controls=\"elementor-tab-content-1383\" aria-expanded=\"false\">2019<\/div>\n\t\t\t\t\t\t\t<\/div>\n\t\t\t<div class=\"elementor-tabs-content-wrapper\" role=\"tablist\" aria-orientation=\"vertical\">\n\t\t\t\t\t\t\t\t\t<div class=\"elementor-tab-title elementor-tab-mobile-title\" aria-selected=\"true\" data-tab=\"1\" role=\"tab\" tabindex=\"0\" aria-controls=\"elementor-tab-content-1381\" aria-expanded=\"false\">2024<\/div>\n\t\t\t\t\t<div id=\"elementor-tab-content-1381\" class=\"elementor-tab-content elementor-clearfix\" data-tab=\"1\" role=\"tabpanel\" aria-labelledby=\"elementor-tab-title-1381\" tabindex=\"0\" hidden=\"false\"><p>Nous avons le plaisir de vous pr\u00e9senter le Yearbook 2024 de l\u2019Institut Carnot Cognition !<\/p><p>Au programme de cette troisi\u00e8me \u00e9dition : plus de 41 projets qui ont marqu\u00e9 cette ann\u00e9e dans le domaine des sciences cognitives men\u00e9s par les 21 laboratoires constituant l\u2019Institut Carnot Cognition. Les projets sont r\u00e9partis en cinq th\u00e9matiques : technologies d\u2019augmentation cognitive, \u00e9valuations comportementales cognitives, cognition collective, cognition et langage et partenariats de recherche avec des entreprises.<\/p><p><a href=\"https:\/\/www.institut-cognition.com\/wp-content\/uploads\/2025\/10\/InstitutCog_Yearbook2024_VFF.pdf\"><b>&gt;&gt; Consultez notre Yearbook 2024 (FR) en cliquant ici &lt;&lt;<\/b><\/a><\/p><p><a href=\"https:\/\/www.institut-cognition.com\/wp-content\/uploads\/2025\/11\/InstitutCog_Yearbook2024_A4_EN_PAP_WEB.pdf\"><b>&gt;&gt; Consultez notre Yearbook 2024 (EN) en cliquant ici &lt;&lt;<\/b><\/a><\/p><\/div>\n\t\t\t\t\t\t\t\t\t<div class=\"elementor-tab-title elementor-tab-mobile-title\" aria-selected=\"false\" data-tab=\"2\" role=\"tab\" tabindex=\"-1\" aria-controls=\"elementor-tab-content-1382\" aria-expanded=\"false\">2021<\/div>\n\t\t\t\t\t<div id=\"elementor-tab-content-1382\" class=\"elementor-tab-content elementor-clearfix\" data-tab=\"2\" role=\"tabpanel\" aria-labelledby=\"elementor-tab-title-1382\" tabindex=\"0\" hidden=\"hidden\"><p>We are pleased to present the Yearbook 2021 of the Institut Carnot Cognition!<\/p><p>On the program for this second edition: more than 40 projects in the field of cognitive science carried out by the 22 laboratories making up the Institut Carnot Cognition. The projects are divided into five themes: cognitive augmentation technologies, cognitive behavioral assessments, collective cognition, cognition and language, and research partnerships with industry.<\/p><p><a href=\"https:\/\/www.institut-cognition.com\/wp-content\/uploads\/2022\/07\/InstitutCog_Yearbook2021_A4_WEB1.pdf\" target=\"_blank\" rel=\"noopener\"><b>&gt;&gt; Consultez notre Yearbook 2021 (FR) en cliquant ici &lt;&lt;<\/b><\/a><\/p><p><a href=\"https:\/\/www.institut-cognition.com\/wp-content\/uploads\/2022\/07\/InstitutCog_Yearbook2021_EN_A4.pdf\" target=\"_blank\" rel=\"noopener\"><b>&gt;&gt; Consultez notre Yearbook 2021 (EN) en cliquant ici &lt;&lt;<\/b><\/a><\/p><\/div>\n\t\t\t\t\t\t\t\t\t<div class=\"elementor-tab-title elementor-tab-mobile-title\" aria-selected=\"false\" data-tab=\"3\" role=\"tab\" tabindex=\"-1\" aria-controls=\"elementor-tab-content-1383\" aria-expanded=\"false\">2019<\/div>\n\t\t\t\t\t<div id=\"elementor-tab-content-1383\" class=\"elementor-tab-content elementor-clearfix\" data-tab=\"3\" role=\"tabpanel\" aria-labelledby=\"elementor-tab-title-1383\" tabindex=\"0\" hidden=\"hidden\"><p>Nous avons le plaisir de vous pr\u00e9senter le Yearbook 2019 de l\u2019Institut Carnot Cognition !<\/p><p>Au programme de cette premi\u00e8re \u00e9dition : plus de 64 projets qui ont marqu\u00e9 cette ann\u00e9e dans le domaine des sciences cognitives men\u00e9s par les 22 laboratoires constituant l\u2019Institut Carnot Cognition. Les projets sont r\u00e9partis en cinq th\u00e9matiques : technologies d\u2019augmentation cognitive, \u00e9valuations comportementales cognitives, cognition collective, cognition et langage et partenariats de recherche avec des entreprises.<\/p><p><a href=\"https:\/\/www.institut-cognition.com\/wp-content\/uploads\/2020\/07\/InstitutCognition_Yearbook2019_A4_WEB.pdf\" target=\"_blank\" rel=\"noopener\"><b>&gt;&gt; Consultez notre Yearbook 2019 (FR) en cliquant ici &lt;&lt;<\/b><\/a><\/p><p><a href=\"https:\/\/www.institut-cognition.com\/wp-content\/uploads\/2025\/07\/InstitutCog_Yearbook2019_EN_A4_WEB.pdf\"><b>&gt;&gt; Consultez notre Yearbook 2019 (EN) en cliquant ici &lt;&lt;<\/b><\/a><b><\/b><\/p><\/div>\n\t\t\t\t\t\t\t<\/div>\n\t\t<\/div>\n\t\t\t\t\t\t<\/div>\n\t\t\t\t<\/div>\n\t\t\t\t<div class=\"elementor-element elementor-element-346f4d5 elementor-widget__width-initial elementor-widget-mobile__width-initial elementor-invisible elementor-widget elementor-widget-text-editor\" data-id=\"346f4d5\" data-element_type=\"widget\" data-e-type=\"widget\" data-settings=\"{&quot;_animation&quot;:&quot;fadeInUp&quot;}\" data-widget_type=\"text-editor.default\">\n\t\t\t\t<div class=\"elementor-widget-container\">\n\t\t\t\t\t\t\t\t\t<p><b>2. The Carnot Cognition Institute publishes the annual Cognitive Sciences Masters Journal.<\/b><\/p><p><a href=\"https:\/\/www.institut-cognition.com\/en\/?s=++++Cahier+des+masters+en+sciences+cognitives\">Cognitive Sciences Masters Journal Edition 2023\/2024<\/a><\/p>\t\t\t\t\t\t\t\t<\/div>\n\t\t\t\t<\/div>\n\t\t\t\t<div class=\"elementor-element elementor-element-ec9cf9a elementor-widget__width-initial elementor-widget-mobile__width-initial elementor-invisible elementor-widget elementor-widget-text-editor\" data-id=\"ec9cf9a\" data-element_type=\"widget\" data-e-type=\"widget\" data-settings=\"{&quot;_animation&quot;:&quot;fadeInUp&quot;}\" data-widget_type=\"text-editor.default\">\n\t\t\t\t<div class=\"elementor-widget-container\">\n\t\t\t\t\t\t\t\t\t<p><b>3. Rapport d\u2019activit\u00e9 annuel<\/b><\/p><p>L&rsquo;Institut Carnot Cognition publie chaque ann\u00e9e son rapport d&rsquo;activit\u00e9 annuel.<\/p>\t\t\t\t\t\t\t\t<\/div>\n\t\t\t\t<\/div>\n\t\t\t\t<div class=\"elementor-element elementor-element-83c3396 elementor-tabs-view-vertical elementor-widget elementor-widget-tabs\" data-id=\"83c3396\" data-element_type=\"widget\" data-e-type=\"widget\" data-widget_type=\"tabs.default\">\n\t\t\t\t<div class=\"elementor-widget-container\">\n\t\t\t\t\t\t\t<div class=\"elementor-tabs\">\n\t\t\t<div class=\"elementor-tabs-wrapper\" role=\"tablist\" >\n\t\t\t\t\t\t\t\t\t<div id=\"elementor-tab-title-1381\" class=\"elementor-tab-title elementor-tab-desktop-title\" aria-selected=\"true\" data-tab=\"1\" role=\"tab\" tabindex=\"0\" aria-controls=\"elementor-tab-content-1381\" aria-expanded=\"false\">2024<\/div>\n\t\t\t\t\t\t\t\t\t<div id=\"elementor-tab-title-1382\" class=\"elementor-tab-title elementor-tab-desktop-title\" aria-selected=\"false\" data-tab=\"2\" role=\"tab\" tabindex=\"-1\" aria-controls=\"elementor-tab-content-1382\" aria-expanded=\"false\">2023<\/div>\n\t\t\t\t\t\t\t\t\t<div id=\"elementor-tab-title-1383\" class=\"elementor-tab-title elementor-tab-desktop-title\" aria-selected=\"false\" data-tab=\"3\" role=\"tab\" tabindex=\"-1\" aria-controls=\"elementor-tab-content-1383\" aria-expanded=\"false\">2022<\/div>\n\t\t\t\t\t\t\t<\/div>\n\t\t\t<div class=\"elementor-tabs-content-wrapper\" role=\"tablist\" aria-orientation=\"vertical\">\n\t\t\t\t\t\t\t\t\t<div class=\"elementor-tab-title elementor-tab-mobile-title\" aria-selected=\"true\" data-tab=\"1\" role=\"tab\" tabindex=\"0\" aria-controls=\"elementor-tab-content-1381\" aria-expanded=\"false\">2024<\/div>\n\t\t\t\t\t<div id=\"elementor-tab-content-1381\" class=\"elementor-tab-content elementor-clearfix\" data-tab=\"1\" role=\"tabpanel\" aria-labelledby=\"elementor-tab-title-1381\" tabindex=\"0\" hidden=\"false\"><p>\u00a0<b>&gt;&gt; Rapport d&rsquo;activit\u00e9 \u00e0 venir &lt;&lt;<\/b><\/p><\/div>\n\t\t\t\t\t\t\t\t\t<div class=\"elementor-tab-title elementor-tab-mobile-title\" aria-selected=\"false\" data-tab=\"2\" role=\"tab\" tabindex=\"-1\" aria-controls=\"elementor-tab-content-1382\" aria-expanded=\"false\">2023<\/div>\n\t\t\t\t\t<div id=\"elementor-tab-content-1382\" class=\"elementor-tab-content elementor-clearfix\" data-tab=\"2\" role=\"tabpanel\" aria-labelledby=\"elementor-tab-title-1382\" tabindex=\"0\" hidden=\"hidden\"><p><a href=\"https:\/\/www.institut-cognition.com\/wp-content\/uploads\/2025\/07\/Rapport-activite-2023-Carnot-Cognition-suite-modifs-CS-la-mise-en-page-a-bouge.pdf\" target=\"_blank\" rel=\"noopener\"><b>&gt;&gt; Consultez notre Rapport d&rsquo;activit\u00e9 2023\u00a0 en cliquant ici &lt;&lt;<\/b><\/a><\/p><\/div>\n\t\t\t\t\t\t\t\t\t<div class=\"elementor-tab-title elementor-tab-mobile-title\" aria-selected=\"false\" data-tab=\"3\" role=\"tab\" tabindex=\"-1\" aria-controls=\"elementor-tab-content-1383\" aria-expanded=\"false\">2022<\/div>\n\t\t\t\t\t<div id=\"elementor-tab-content-1383\" class=\"elementor-tab-content elementor-clearfix\" data-tab=\"3\" role=\"tabpanel\" aria-labelledby=\"elementor-tab-title-1383\" tabindex=\"0\" hidden=\"hidden\"><p><a href=\"https:\/\/www.institut-cognition.com\/wp-content\/uploads\/2023\/11\/Rapport-dactivite-2022.pdf\" target=\"_blank\" rel=\"noopener\"><b>&gt;&gt; Consultez notre Rapport d&rsquo;activit\u00e9 2022\u00a0 en cliquant ici &lt;&lt;<\/b><\/a><\/p><\/div>\n\t\t\t\t\t\t\t<\/div>\n\t\t<\/div>\n\t\t\t\t\t\t<\/div>\n\t\t\t\t<\/div>\n\t\t\t\t<div class=\"elementor-element elementor-element-98edde4 elementor-widget__width-initial elementor-widget-mobile__width-initial elementor-invisible elementor-widget elementor-widget-text-editor\" data-id=\"98edde4\" data-element_type=\"widget\" data-e-type=\"widget\" data-settings=\"{&quot;_animation&quot;:&quot;fadeInUp&quot;}\" data-widget_type=\"text-editor.default\">\n\t\t\t\t<div class=\"elementor-widget-container\">\n\t\t\t\t\t\t\t\t\t<p style=\"text-align: center;\">D\u00e9couvrez la s\u00e9rie vid\u00e9o \u00ab Cerveau en capsule \u00bb qui pr\u00e9sente des travaux ou recherches de chercheurs appartenant \u00e0 un laboratoire labellis\u00e9 de l&rsquo;Institut Carnot Cognition.<\/p>\t\t\t\t\t\t\t\t<\/div>\n\t\t\t\t<\/div>\n\t\t<div class=\"elementor-element elementor-element-cab7168 e-con-full e-flex e-con e-child\" data-id=\"cab7168\" data-element_type=\"container\" data-e-type=\"container\">\n\t\t\t\t<div class=\"elementor-element elementor-element-7557f6c elementor-widget__width-initial elementor-widget elementor-widget-video\" data-id=\"7557f6c\" data-element_type=\"widget\" data-e-type=\"widget\" data-settings=\"{&quot;youtube_url&quot;:&quot;https:\\\/\\\/www.youtube.com\\\/watch?v=NyxCOo94vAg&quot;,&quot;video_type&quot;:&quot;youtube&quot;}\" data-widget_type=\"video.default\">\n\t\t\t\t<div class=\"elementor-widget-container\">\n\t\t\t\t\t\t\t<div class=\"elementor-wrapper elementor-open-inline\">\n\t\t\t<div class=\"elementor-video\"><\/div>\t\t<\/div>\n\t\t\t\t\t\t<\/div>\n\t\t\t\t<\/div>\n\t\t\t\t<div class=\"elementor-element elementor-element-8b9a7f3 elementor-widget__width-initial elementor-widget elementor-widget-video\" data-id=\"8b9a7f3\" data-element_type=\"widget\" data-e-type=\"widget\" data-settings=\"{&quot;youtube_url&quot;:&quot;https:\\\/\\\/www.youtube.com\\\/watch?v=hZOuAGlVrKk&quot;,&quot;video_type&quot;:&quot;youtube&quot;}\" data-widget_type=\"video.default\">\n\t\t\t\t<div class=\"elementor-widget-container\">\n\t\t\t\t\t\t\t<div class=\"elementor-wrapper elementor-open-inline\">\n\t\t\t<div class=\"elementor-video\"><\/div>\t\t<\/div>\n\t\t\t\t\t\t<\/div>\n\t\t\t\t<\/div>\n\t\t\t\t<div class=\"elementor-element elementor-element-6e8ba7c elementor-widget__width-initial elementor-widget elementor-widget-video\" data-id=\"6e8ba7c\" data-element_type=\"widget\" data-e-type=\"widget\" data-settings=\"{&quot;youtube_url&quot;:&quot;https:\\\/\\\/www.youtube.com\\\/watch?v=kjEo-sOVm3g&quot;,&quot;video_type&quot;:&quot;youtube&quot;}\" data-widget_type=\"video.default\">\n\t\t\t\t<div class=\"elementor-widget-container\">\n\t\t\t\t\t\t\t<div class=\"elementor-wrapper elementor-open-inline\">\n\t\t\t<div class=\"elementor-video\"><\/div>\t\t<\/div>\n\t\t\t\t\t\t<\/div>\n\t\t\t\t<\/div>\n\t\t\t\t<div class=\"elementor-element elementor-element-bae0b39 elementor-widget__width-initial elementor-widget elementor-widget-video\" data-id=\"bae0b39\" data-element_type=\"widget\" data-e-type=\"widget\" data-settings=\"{&quot;youtube_url&quot;:&quot;https:\\\/\\\/www.youtube.com\\\/watch?v=GyCMvC-gpZw&quot;,&quot;video_type&quot;:&quot;youtube&quot;}\" data-widget_type=\"video.default\">\n\t\t\t\t<div class=\"elementor-widget-container\">\n\t\t\t\t\t\t\t<div class=\"elementor-wrapper elementor-open-inline\">\n\t\t\t<div class=\"elementor-video\"><\/div>\t\t<\/div>\n\t\t\t\t\t\t<\/div>\n\t\t\t\t<\/div>\n\t\t\t\t<\/div>\n\t\t<div class=\"elementor-element elementor-element-c62eca2 e-con-full e-flex e-con e-child\" data-id=\"c62eca2\" data-element_type=\"container\" data-e-type=\"container\">\n\t\t\t\t<div class=\"elementor-element elementor-element-96f6a24 elementor-widget__width-initial elementor-widget elementor-widget-video\" data-id=\"96f6a24\" data-element_type=\"widget\" data-e-type=\"widget\" data-settings=\"{&quot;youtube_url&quot;:&quot;https:\\\/\\\/www.youtube.com\\\/watch?v=tr8q0WCMp1A&quot;,&quot;video_type&quot;:&quot;youtube&quot;}\" data-widget_type=\"video.default\">\n\t\t\t\t<div class=\"elementor-widget-container\">\n\t\t\t\t\t\t\t<div class=\"elementor-wrapper elementor-open-inline\">\n\t\t\t<div class=\"elementor-video\"><\/div>\t\t<\/div>\n\t\t\t\t\t\t<\/div>\n\t\t\t\t<\/div>\n\t\t\t\t<div class=\"elementor-element elementor-element-7b18a76 elementor-widget__width-initial elementor-widget elementor-widget-video\" data-id=\"7b18a76\" data-element_type=\"widget\" data-e-type=\"widget\" data-settings=\"{&quot;youtube_url&quot;:&quot;https:\\\/\\\/www.youtube.com\\\/watch?v=uQ6SAWiq4Ko&quot;,&quot;video_type&quot;:&quot;youtube&quot;}\" data-widget_type=\"video.default\">\n\t\t\t\t<div class=\"elementor-widget-container\">\n\t\t\t\t\t\t\t<div class=\"elementor-wrapper elementor-open-inline\">\n\t\t\t<div class=\"elementor-video\"><\/div>\t\t<\/div>\n\t\t\t\t\t\t<\/div>\n\t\t\t\t<\/div>\n\t\t\t\t<div class=\"elementor-element elementor-element-c743938 elementor-widget__width-initial elementor-widget elementor-widget-video\" data-id=\"c743938\" data-element_type=\"widget\" data-e-type=\"widget\" data-settings=\"{&quot;youtube_url&quot;:&quot;https:\\\/\\\/www.youtube.com\\\/watch?v=NbbQDJ3Azjc&quot;,&quot;video_type&quot;:&quot;youtube&quot;}\" data-widget_type=\"video.default\">\n\t\t\t\t<div class=\"elementor-widget-container\">\n\t\t\t\t\t\t\t<div class=\"elementor-wrapper elementor-open-inline\">\n\t\t\t<div class=\"elementor-video\"><\/div>\t\t<\/div>\n\t\t\t\t\t\t<\/div>\n\t\t\t\t<\/div>\n\t\t\t\t<div class=\"elementor-element elementor-element-05e11db elementor-widget__width-initial elementor-widget elementor-widget-video\" data-id=\"05e11db\" data-element_type=\"widget\" data-e-type=\"widget\" data-settings=\"{&quot;youtube_url&quot;:&quot;https:\\\/\\\/www.youtube.com\\\/watch?v=-Zuk0dXrLeg&quot;,&quot;video_type&quot;:&quot;youtube&quot;}\" data-widget_type=\"video.default\">\n\t\t\t\t<div class=\"elementor-widget-container\">\n\t\t\t\t\t\t\t<div class=\"elementor-wrapper elementor-open-inline\">\n\t\t\t<div class=\"elementor-video\"><\/div>\t\t<\/div>\n\t\t\t\t\t\t<\/div>\n\t\t\t\t<\/div>\n\t\t\t\t<\/div>\n\t\t\t\t<div class=\"elementor-element elementor-element-acfd455 elementor-align-center elementor-widget elementor-widget-button\" data-id=\"acfd455\" data-element_type=\"widget\" data-e-type=\"widget\" data-widget_type=\"button.default\">\n\t\t\t\t<div class=\"elementor-widget-container\">\n\t\t\t\t\t\t\t\t\t<div class=\"elementor-button-wrapper\">\n\t\t\t\t\t<a class=\"elementor-button elementor-button-link elementor-size-sm\" href=\"https:\/\/www.youtube.com\/channel\/UChflFwSuRtXZPdZxZE2B9FQ\">\n\t\t\t\t\t\t<span class=\"elementor-button-content-wrapper\">\n\t\t\t\t\t\t\t\t\t<span class=\"elementor-button-text\">All our videos<\/span>\n\t\t\t\t\t<\/span>\n\t\t\t\t\t<\/a>\n\t\t\t\t<\/div>\n\t\t\t\t\t\t\t\t<\/div>\n\t\t\t\t<\/div>\n\t\t\t\t\t<\/div>\n\t\t\t\t<\/div>\n\t\t\t\t<\/div>","protected":false},"excerpt":{"rendered":"<p>Ressources Des documents et des vid\u00e9os pour d\u00e9couvrir l&rsquo;Institut en d\u00e9tail. Les laboratoires Le r\u00e9seau Carnot L\u2019Institut Carnot Cognition met \u00e0 disposition une vari\u00e9t\u00e9 de publications, y compris des rapports d&rsquo;activit\u00e9 d\u00e9taillant les r\u00e9alisations annuelles et des Yearbooks r\u00e9capitulant les progr\u00e8s et les innovations notables. Ces documents offrent un aper\u00e7u approfondi des travaux de recherche [&hellip;]<\/p>\n","protected":false},"author":23,"featured_media":0,"parent":0,"menu_order":0,"comment_status":"closed","ping_status":"closed","template":"","meta":{"_acf_changed":false,"_seopress_robots_primary_cat":"","_seopress_titles_title":"Publications Valorisant les Travaux de Chercheurs \u00e0 l'Institut Carnot Cognition","_seopress_titles_desc":"Explorez les publications de l'Institut Carnot Cognition mettant en avant les recherches innovantes de nos chercheurs.","_seopress_robots_index":"","footnotes":""},"class_list":["post-3518","page","type-page","status-publish","hentry"],"acf":[],"_links":{"self":[{"href":"https:\/\/www.institut-cognition.com\/en\/wp-json\/wp\/v2\/pages\/3518","targetHints":{"allow":["GET"]}}],"collection":[{"href":"https:\/\/www.institut-cognition.com\/en\/wp-json\/wp\/v2\/pages"}],"about":[{"href":"https:\/\/www.institut-cognition.com\/en\/wp-json\/wp\/v2\/types\/page"}],"author":[{"embeddable":true,"href":"https:\/\/www.institut-cognition.com\/en\/wp-json\/wp\/v2\/users\/23"}],"replies":[{"embeddable":true,"href":"https:\/\/www.institut-cognition.com\/en\/wp-json\/wp\/v2\/comments?post=3518"}],"version-history":[{"count":72,"href":"https:\/\/www.institut-cognition.com\/en\/wp-json\/wp\/v2\/pages\/3518\/revisions"}],"predecessor-version":[{"id":12658,"href":"https:\/\/www.institut-cognition.com\/en\/wp-json\/wp\/v2\/pages\/3518\/revisions\/12658"}],"wp:attachment":[{"href":"https:\/\/www.institut-cognition.com\/en\/wp-json\/wp\/v2\/media?parent=3518"}],"curies":[{"name":"wp","href":"https:\/\/api.w.org\/{rel}","templated":true}]}}