{"id":3,"date":"2024-07-06T09:52:31","date_gmt":"2024-07-06T09:52:31","guid":{"rendered":"https:\/\/www.institut-cognition.com\/?page_id=3"},"modified":"2024-08-19T11:39:59","modified_gmt":"2024-08-19T11:39:59","slug":"privacy-policy","status":"publish","type":"page","link":"https:\/\/www.institut-cognition.com\/en\/privacy-policy\/","title":{"rendered":"Privacy Policy"},"content":{"rendered":"\t\t<div data-elementor-type=\"wp-page\" data-elementor-id=\"3\" class=\"elementor elementor-3\" data-elementor-post-type=\"page\">\n\t\t\t\t<div class=\"elementor-element elementor-element-40b6daf e-flex e-con-boxed e-con e-parent\" data-id=\"40b6daf\" data-element_type=\"container\" data-e-type=\"container\" data-settings=\"{&quot;background_background&quot;:&quot;classic&quot;}\">\n\t\t\t\t\t<div class=\"e-con-inner\">\n\t\t\t\t<div class=\"elementor-element elementor-element-5964982 elementor-invisible elementor-widget elementor-widget-heading\" data-id=\"5964982\" data-element_type=\"widget\" data-e-type=\"widget\" data-settings=\"{&quot;_animation&quot;:&quot;fadeInUp&quot;}\" data-widget_type=\"heading.default\">\n\t\t\t\t<div class=\"elementor-widget-container\">\n\t\t\t\t\t<h1 class=\"elementor-heading-title elementor-size-default\">Politique de confidentialit\u00e9<\/h1>\t\t\t\t<\/div>\n\t\t\t\t<\/div>\n\t\t\t\t<div class=\"elementor-element elementor-element-08a80a6 elementor-widget__width-initial elementor-invisible elementor-widget elementor-widget-text-editor\" data-id=\"08a80a6\" data-element_type=\"widget\" data-e-type=\"widget\" data-settings=\"{&quot;_animation&quot;:&quot;fadeInUp&quot;}\" data-widget_type=\"text-editor.default\">\n\t\t\t\t<div class=\"elementor-widget-container\">\n\t\t\t\t\t\t\t\t\t<p>Engagements en mati\u00e8re de confidentialit\u00e9 et de s\u00e9curit\u00e9 des donn\u00e9es<\/p>\t\t\t\t\t\t\t\t<\/div>\n\t\t\t\t<\/div>\n\t\t<div class=\"elementor-element elementor-element-5451694 e-con-full e-flex elementor-invisible e-con e-child\" data-id=\"5451694\" data-element_type=\"container\" data-e-type=\"container\" data-settings=\"{&quot;animation&quot;:&quot;fadeInUp&quot;}\">\n\t\t\t\t<div class=\"elementor-element elementor-element-9d9042d elementor-widget elementor-widget-button\" data-id=\"9d9042d\" data-element_type=\"widget\" data-e-type=\"widget\" data-widget_type=\"button.default\">\n\t\t\t\t<div class=\"elementor-widget-container\">\n\t\t\t\t\t\t\t\t\t<div class=\"elementor-button-wrapper\">\n\t\t\t\t\t<a class=\"elementor-button elementor-button-link elementor-size-sm\" href=\"https:\/\/www.institut-cognition.com\/le-reseau-carnot\/\">\n\t\t\t\t\t\t<span class=\"elementor-button-content-wrapper\">\n\t\t\t\t\t\t\t\t\t<span class=\"elementor-button-text\">Le r\u00e9seau Carnot<\/span>\n\t\t\t\t\t<\/span>\n\t\t\t\t\t<\/a>\n\t\t\t\t<\/div>\n\t\t\t\t\t\t\t\t<\/div>\n\t\t\t\t<\/div>\n\t\t\t\t<div class=\"elementor-element elementor-element-df3d53d elementor-widget elementor-widget-button\" data-id=\"df3d53d\" data-element_type=\"widget\" data-e-type=\"widget\" data-widget_type=\"button.default\">\n\t\t\t\t<div class=\"elementor-widget-container\">\n\t\t\t\t\t\t\t\t\t<div class=\"elementor-button-wrapper\">\n\t\t\t\t\t<a class=\"elementor-button elementor-button-link elementor-size-sm\" href=\"https:\/\/www.institut-cognition.com\/contactez-nous\/\">\n\t\t\t\t\t\t<span class=\"elementor-button-content-wrapper\">\n\t\t\t\t\t\t\t\t\t<span class=\"elementor-button-text\">Contactez-nous<\/span>\n\t\t\t\t\t<\/span>\n\t\t\t\t\t<\/a>\n\t\t\t\t<\/div>\n\t\t\t\t\t\t\t\t<\/div>\n\t\t\t\t<\/div>\n\t\t\t\t<\/div>\n\t\t\t\t\t<\/div>\n\t\t\t\t<\/div>\n\t\t<div class=\"elementor-element elementor-element-2d2b0405 e-flex e-con-boxed e-con e-parent\" data-id=\"2d2b0405\" data-element_type=\"container\" data-e-type=\"container\">\n\t\t\t\t\t<div class=\"e-con-inner\">\n\t\t\t\t<div class=\"elementor-element elementor-element-7e34d40c elementor-widget elementor-widget-text-editor\" data-id=\"7e34d40c\" data-element_type=\"widget\" data-e-type=\"widget\" data-widget_type=\"text-editor.default\">\n\t\t\t\t<div class=\"elementor-widget-container\">\n\t\t\t\t\t\t\t\t\t\n<p><strong>Introduction<\/strong><br \/>Dans le cadre de son activit\u00e9, l\u2019Institut Cognition est amen\u00e9e \u00e0 collecter et \u00e0 traiter des informations dont certaines sont qualifi\u00e9es de \u00ab\u00a0donn\u00e9es personnelles\u00a0\u00bb. L\u2019association attache une grande importance au respect de la vie priv\u00e9e, et n\u2019utilise que des donnes de mani\u00e8re responsable et confidentielle et dans une finalit\u00e9 pr\u00e9cise.<\/p>\n\n<p><strong>Donn\u00e9es personnelles<\/strong><br \/>Sur le site web\u00a0<a href=\"https:\/\/institut-cognition.com\">https:\/\/institut-cognition.com<\/a>, il y a 2 types de donn\u00e9es susceptibles d\u2019\u00eatre recueillies :<\/p>\n\n<ul class=\"wp-block-list\">\n<li><strong>Les donn\u00e9es transmises directement<\/strong><br \/>Ces donn\u00e9es sont celles que vous nous transmettez directement, via un formulaire de contact, un formulaire d\u2019ajout \u00e0 la newsletter, ou bien lors d\u2019un contact direct par email.<\/li>\n<\/ul>\n\n<p>Les donn\u00e9es marqu\u00e9es par un ast\u00e9risque dans le questionnaire doivent obligatoirement \u00eatre fournies.<\/p>\n\n<p>Les donn\u00e9es collect\u00e9es seront communiqu\u00e9es\u00a0:<\/p>\n\n<ul class=\"wp-block-list\">\n<li>Pour le formulaire de contact\u00a0: uniquement \u00e0 l\u2019Institut Cognition<\/li>\n\n<li>Pour le formulaire d\u2019ajout \u00e0 la newsletter\u00a0: \u00e0 l\u2019Institut Cognition ainsi qu\u2019au service Create Send<\/li>\n<\/ul>\n\n<p>\u00a0<\/p>\n\n<ul class=\"wp-block-list\">\n<li><strong>Les donn\u00e9es collect\u00e9es automatiquement<\/strong><br \/>Lors de vos visites, une fois votre consentement donn\u00e9, nous pouvons recueillir des informations de type \u00ab web analytics \u00bb relatives \u00e0 votre navigation, la dur\u00e9e de votre consultation, votre adresse IP, votre type et version de navigateur. La technologie utilis\u00e9e est le cookie.<\/li>\n<\/ul>\n\n<p><strong>Utilisation des donn\u00e9es<\/strong><br \/>Les donn\u00e9es que vous nous transmettez directement sont utilis\u00e9es dans le but de vous re-contacter et\/ou dans le cadre de la demande que vous nous faites. Les donn\u00e9es \u00ab web analytics \u00bb sont collect\u00e9es de forme anonyme (en enregistrant des adresses IP anonymes) par Matomo, et nous permettent de mesurer l\u2019audience de notre site web, les consultations et les \u00e9ventuelles erreurs afin d\u2019am\u00e9liorer constamment l\u2019exp\u00e9rience des utilisateurs. Ces donn\u00e9es sont utilis\u00e9es par l\u2019Institut Cognition, responsable du traitement des donn\u00e9es, et ne seront jamais c\u00e9d\u00e9es \u00e0 un tiers ni utilis\u00e9es \u00e0 d\u2019autres fins que celles d\u00e9taill\u00e9es ci-dessus.<\/p>\n\n<p><strong>Base l\u00e9gale<\/strong><br \/>Les donn\u00e9es personnelles ne sont collect\u00e9es qu\u2019apr\u00e8s consentement obligatoire de l\u2019utilisateur. Ce consentement est recueilli d\u00e8s l\u2019envoi du formulaire de contact, du formulaire d\u2019ajout \u00e0 la newsletter, ou d\u2019un email.<\/p>\n\n<p><strong>Dur\u00e9e de conservation<\/strong><br \/>Les donn\u00e9es seront sauvegard\u00e9es durant une dur\u00e9e maximale de 5 ans.<\/p>\n\n<p><strong>Cookies<\/strong><br \/>Voici la liste des cookies utilis\u00e9es et leur objectif :<\/p>\n\n<ul class=\"wp-block-list\">\n<li>Cookies Matomo (<a href=\"https:\/\/fr.matomo.org\/faq\/general\/faq_146\/\" target=\"_blank\" rel=\"noreferrer noopener\">liste exhaustive<\/a>) : Web analytics (ces donn\u00e9es sont anonymis\u00e9es et ne sont pas transmises \u00e0 des tiers)<\/li>\n<\/ul>\n\n<p>Pour d\u00e9sactiver le suivi par Matomo, suivez les instructions suivantes :<\/p>\n\n<p><iframe src=\"https:\/\/iris.perceptiom.com\/index.php?module=CoreAdminHome&amp;action=optOut&amp;language=fr&amp;fontFamily=sans-serif\" width=\"100%\"><\/iframe><\/p>\n\n<p><strong>Vos droits concernant les donn\u00e9es personnelles<\/strong><br \/>Vous pouvez acc\u00e9der aux donn\u00e9es vous concernant, les rectifier, demander leur effacement ou exercer votre droit \u00e0 la limitation du traitement de vos donn\u00e9es. Vous \u00e9galement pouvez retirer \u00e0 tout moment votre consentement au traitement de vos donn\u00e9es, vous opposer au traitement de vos donn\u00e9es et exercer votre droit \u00e0 la portabilit\u00e9 de vos donn\u00e9es.<\/p>\n\n<p>Consultez le site cnil.fr pour plus d\u2019informations sur vos droits.<\/p>\n\n<p>Pour exercer ces droits ou pour toute question sur le traitement de vos donn\u00e9es dans ce dispositif, vous pouvez contacter l\u2019Institut Cognition par email\u00a0: contact[at]institut-cognition.com<\/p>\n\n<p>Si vous estimez, apr\u00e8s nous avoir contact\u00e9s, que vos droits \u00ab Informatique et Libert\u00e9s \u00bb ne sont pas respect\u00e9s, vous pouvez adresser une r\u00e9clamation \u00e0 la CNIL.<\/p>\n\t\t\t\t\t\t\t\t<\/div>\n\t\t\t\t<\/div>\n\t\t\t\t\t<\/div>\n\t\t\t\t<\/div>\n\t\t\t\t<\/div>\n\t\t","protected":false},"excerpt":{"rendered":"<p>Politique de confidentialit\u00e9 Engagements en mati\u00e8re de confidentialit\u00e9 et de s\u00e9curit\u00e9 des donn\u00e9es Le r\u00e9seau Carnot Contactez-nous IntroductionDans le cadre de son activit\u00e9, l\u2019Institut Cognition est amen\u00e9e \u00e0 collecter et \u00e0 traiter des informations dont certaines sont qualifi\u00e9es de \u00ab\u00a0donn\u00e9es personnelles\u00a0\u00bb. L\u2019association attache une grande importance au respect de la vie priv\u00e9e, et n\u2019utilise que [&hellip;]<\/p>\n","protected":false},"author":23,"featured_media":0,"parent":0,"menu_order":0,"comment_status":"closed","ping_status":"closed","template":"","meta":{"_acf_changed":false,"_seopress_robots_primary_cat":"","_seopress_titles_title":"","_seopress_titles_desc":"","_seopress_robots_index":"","footnotes":""},"class_list":["post-3","page","type-page","status-publish","hentry"],"acf":[],"_links":{"self":[{"href":"https:\/\/www.institut-cognition.com\/en\/wp-json\/wp\/v2\/pages\/3","targetHints":{"allow":["GET"]}}],"collection":[{"href":"https:\/\/www.institut-cognition.com\/en\/wp-json\/wp\/v2\/pages"}],"about":[{"href":"https:\/\/www.institut-cognition.com\/en\/wp-json\/wp\/v2\/types\/page"}],"author":[{"embeddable":true,"href":"https:\/\/www.institut-cognition.com\/en\/wp-json\/wp\/v2\/users\/23"}],"replies":[{"embeddable":true,"href":"https:\/\/www.institut-cognition.com\/en\/wp-json\/wp\/v2\/comments?post=3"}],"version-history":[{"count":12,"href":"https:\/\/www.institut-cognition.com\/en\/wp-json\/wp\/v2\/pages\/3\/revisions"}],"predecessor-version":[{"id":4996,"href":"https:\/\/www.institut-cognition.com\/en\/wp-json\/wp\/v2\/pages\/3\/revisions\/4996"}],"wp:attachment":[{"href":"https:\/\/www.institut-cognition.com\/en\/wp-json\/wp\/v2\/media?parent=3"}],"curies":[{"name":"wp","href":"https:\/\/api.w.org\/{rel}","templated":true}]}}