{"id":2988,"date":"2024-07-16T07:15:38","date_gmt":"2024-07-16T07:15:38","guid":{"rendered":"https:\/\/www.institut-cognition.com\/?page_id=2988"},"modified":"2024-08-26T14:53:48","modified_gmt":"2024-08-26T14:53:48","slug":"le-reseau-carnot","status":"publish","type":"page","link":"https:\/\/www.institut-cognition.com\/en\/le-reseau-carnot\/","title":{"rendered":"The Carnot Network"},"content":{"rendered":"\t\t<div data-elementor-type=\"wp-page\" data-elementor-id=\"2988\" class=\"elementor elementor-2988\" data-elementor-post-type=\"page\">\n\t\t\t\t<div class=\"elementor-element elementor-element-e6852cd e-flex e-con-boxed e-con e-parent\" data-id=\"e6852cd\" data-element_type=\"container\" data-e-type=\"container\" data-settings=\"{&quot;background_background&quot;:&quot;classic&quot;}\">\n\t\t\t\t\t<div class=\"e-con-inner\">\n\t\t\t\t<div class=\"elementor-element elementor-element-450b993 elementor-widget__width-initial elementor-invisible elementor-widget elementor-widget-heading\" data-id=\"450b993\" data-element_type=\"widget\" data-e-type=\"widget\" data-settings=\"{&quot;_animation&quot;:&quot;fadeInUp&quot;}\" data-widget_type=\"heading.default\">\n\t\t\t\t<div class=\"elementor-widget-container\">\n\t\t\t\t\t<h1 class=\"elementor-heading-title elementor-size-default\">Le r\u00e9seau Carnot<\/h1>\t\t\t\t<\/div>\n\t\t\t\t<\/div>\n\t\t\t\t<div class=\"elementor-element elementor-element-7c2421b elementor-widget__width-initial elementor-invisible elementor-widget elementor-widget-text-editor\" data-id=\"7c2421b\" data-element_type=\"widget\" data-e-type=\"widget\" data-settings=\"{&quot;_animation&quot;:&quot;fadeInUp&quot;}\" data-widget_type=\"text-editor.default\">\n\t\t\t\t<div class=\"elementor-widget-container\">\n\t\t\t\t\t\t\t\t\t<p style=\"font-family: Montserrat, sans-serif; font-size: 20px;\">La plus puissante offre de recherche pour l\u2019innovation des entreprises<\/p>\t\t\t\t\t\t\t\t<\/div>\n\t\t\t\t<\/div>\n\t\t<div class=\"elementor-element elementor-element-921b2b7 e-con-full e-flex elementor-invisible e-con e-child\" data-id=\"921b2b7\" data-element_type=\"container\" data-e-type=\"container\" data-settings=\"{&quot;animation&quot;:&quot;fadeInUp&quot;}\">\n\t\t\t\t<div class=\"elementor-element elementor-element-01f8249 elementor-widget elementor-widget-button\" data-id=\"01f8249\" data-element_type=\"widget\" data-e-type=\"widget\" data-widget_type=\"button.default\">\n\t\t\t\t<div class=\"elementor-widget-container\">\n\t\t\t\t\t\t\t\t\t<div class=\"elementor-button-wrapper\">\n\t\t\t\t\t<a class=\"elementor-button elementor-button-link elementor-size-sm\" href=\"https:\/\/www.institut-cognition.com\/nos-expertises\/\">\n\t\t\t\t\t\t<span class=\"elementor-button-content-wrapper\">\n\t\t\t\t\t\t\t\t\t<span class=\"elementor-button-text\">Nos expertises<\/span>\n\t\t\t\t\t<\/span>\n\t\t\t\t\t<\/a>\n\t\t\t\t<\/div>\n\t\t\t\t\t\t\t\t<\/div>\n\t\t\t\t<\/div>\n\t\t\t\t<div class=\"elementor-element elementor-element-b970bed elementor-widget elementor-widget-button\" data-id=\"b970bed\" data-element_type=\"widget\" data-e-type=\"widget\" data-widget_type=\"button.default\">\n\t\t\t\t<div class=\"elementor-widget-container\">\n\t\t\t\t\t\t\t\t\t<div class=\"elementor-button-wrapper\">\n\t\t\t\t\t<a class=\"elementor-button elementor-button-link elementor-size-sm\" href=\"https:\/\/www.institut-cognition.com\/contactez-nous\/\">\n\t\t\t\t\t\t<span class=\"elementor-button-content-wrapper\">\n\t\t\t\t\t\t\t\t\t<span class=\"elementor-button-text\">Contactez-nous<\/span>\n\t\t\t\t\t<\/span>\n\t\t\t\t\t<\/a>\n\t\t\t\t<\/div>\n\t\t\t\t\t\t\t\t<\/div>\n\t\t\t\t<\/div>\n\t\t\t\t<\/div>\n\t\t<div class=\"elementor-element elementor-element-70aaaac e-con-full e-flex elementor-invisible e-con e-child\" data-id=\"70aaaac\" data-element_type=\"container\" data-e-type=\"container\" data-settings=\"{&quot;animation&quot;:&quot;fadeInUp&quot;}\">\n\t\t\t\t<div class=\"elementor-element elementor-element-9e4774f elementor-widget elementor-widget-html\" data-id=\"9e4774f\" data-element_type=\"widget\" data-e-type=\"widget\" data-widget_type=\"html.default\">\n\t\t\t\t<div class=\"elementor-widget-container\">\n\t\t\t\t\t<section id=\"section03\" class=\"scroll-btn\">\n  <a href=\"#scroll\"><span><\/span><\/a>\n<\/section>\t\t\t\t<\/div>\n\t\t\t\t<\/div>\n\t\t\t\t<\/div>\n\t\t\t\t\t<\/div>\n\t\t\t\t<\/div>\n\t\t<div class=\"elementor-element elementor-element-79a4726 e-flex e-con-boxed e-con e-parent\" data-id=\"79a4726\" data-element_type=\"container\" data-e-type=\"container\" id=\"scroll\">\n\t\t\t\t\t<div class=\"e-con-inner\">\n\t\t\t\t<div class=\"elementor-element elementor-element-29ffd6d elementor-widget__width-initial elementor-widget-mobile__width-initial elementor-invisible elementor-widget elementor-widget-text-editor\" data-id=\"29ffd6d\" data-element_type=\"widget\" data-e-type=\"widget\" data-settings=\"{&quot;_animation&quot;:&quot;fadeInUp&quot;}\" data-widget_type=\"text-editor.default\">\n\t\t\t\t<div class=\"elementor-widget-container\">\n\t\t\t\t\t\t\t\t\t<p>Les 39 Carnot sont des<b>&nbsp;<\/b>structures de recherche publique, labellis\u00e9es par le minist\u00e8re de la recherche, qui prennent des engagements forts pour&nbsp;mener et <b>d\u00e9velopper une activit\u00e9 de&nbsp;<\/b><a href=\"https:\/\/www.lereseaudescarnot.fr\/fr\/recherche-partenariale\"><b>recherche partenariale<\/b><\/a><b>&nbsp;<\/b>au b\u00e9n\u00e9fice de l\u2019innovation des entreprises \u2013 de la PME au grand groupe<b>&nbsp;<\/b>\u2013 et des acteurs socio\u00e9conomiques.<b><br><\/b><span style=\"color: var( --e-global-color-primary );\"><br><\/span><\/p>\n<p><span style=\"color: var( --e-global-color-primary );\">Les 35 000 professionnels de la recherche des instituts Carnot, soit 20% des moyens humains de la recherche publique, r\u00e9alisent 55 % des contrats de R&amp;D externalis\u00e9s par les entreprises \u00e0 la recherche publique.<\/span><\/p>\t\t\t\t\t\t\t\t<\/div>\n\t\t\t\t<\/div>\n\t\t\t\t\t<\/div>\n\t\t\t\t<\/div>\n\t\t<div class=\"elementor-element elementor-element-493a649 e-flex e-con-boxed e-con e-parent\" data-id=\"493a649\" data-element_type=\"container\" data-e-type=\"container\" data-settings=\"{&quot;background_background&quot;:&quot;gradient&quot;}\">\n\t\t\t\t\t<div class=\"e-con-inner\">\n\t\t<div class=\"elementor-element elementor-element-5b51cc8 e-con-full e-flex e-con e-child\" data-id=\"5b51cc8\" data-element_type=\"container\" data-e-type=\"container\">\n\t\t\t\t<div class=\"elementor-element elementor-element-802b844 elementor-widget-mobile__width-initial elementor-invisible elementor-widget elementor-widget-image\" data-id=\"802b844\" data-element_type=\"widget\" data-e-type=\"widget\" data-settings=\"{&quot;motion_fx_motion_fx_scrolling&quot;:&quot;yes&quot;,&quot;motion_fx_translateY_effect&quot;:&quot;yes&quot;,&quot;motion_fx_translateY_speed&quot;:{&quot;unit&quot;:&quot;px&quot;,&quot;size&quot;:2.5,&quot;sizes&quot;:[]},&quot;motion_fx_translateY_affectedRange&quot;:{&quot;unit&quot;:&quot;%&quot;,&quot;size&quot;:&quot;&quot;,&quot;sizes&quot;:{&quot;start&quot;:0,&quot;end&quot;:44}},&quot;_animation&quot;:&quot;fadeInUp&quot;,&quot;motion_fx_devices&quot;:[&quot;desktop&quot;,&quot;tablet&quot;]}\" data-widget_type=\"image.default\">\n\t\t\t\t<div class=\"elementor-widget-container\">\n\t\t\t\t\t\t\t\t\t\t\t\t\t\t\t<img fetchpriority=\"high\" decoding=\"async\" width=\"348\" height=\"399\" src=\"https:\/\/www.institut-cognition.com\/wp-content\/uploads\/2024\/07\/young-girl-in-virtual-reality-glasses-at-home-2023-11-27-04-54-17-utc-1.png\" class=\"attachment-large size-large wp-image-137\" alt=\"\" srcset=\"https:\/\/www.institut-cognition.com\/wp-content\/uploads\/2024\/07\/young-girl-in-virtual-reality-glasses-at-home-2023-11-27-04-54-17-utc-1.png 348w, https:\/\/www.institut-cognition.com\/wp-content\/uploads\/2024\/07\/young-girl-in-virtual-reality-glasses-at-home-2023-11-27-04-54-17-utc-1-262x300.png 262w\" sizes=\"(max-width: 348px) 100vw, 348px\" \/>\t\t\t\t\t\t\t\t\t\t\t\t\t\t\t<\/div>\n\t\t\t\t<\/div>\n\t\t\t\t<div class=\"elementor-element elementor-element-da04b8c elementor-widget-mobile__width-initial elementor-invisible elementor-widget elementor-widget-image\" data-id=\"da04b8c\" data-element_type=\"widget\" data-e-type=\"widget\" data-settings=\"{&quot;motion_fx_motion_fx_scrolling&quot;:&quot;yes&quot;,&quot;motion_fx_translateY_effect&quot;:&quot;yes&quot;,&quot;motion_fx_translateY_direction&quot;:&quot;negative&quot;,&quot;motion_fx_translateY_speed&quot;:{&quot;unit&quot;:&quot;px&quot;,&quot;size&quot;:2.5,&quot;sizes&quot;:[]},&quot;_animation&quot;:&quot;fadeInUp&quot;,&quot;motion_fx_devices&quot;:[&quot;desktop&quot;,&quot;tablet&quot;],&quot;motion_fx_translateY_affectedRange&quot;:{&quot;unit&quot;:&quot;%&quot;,&quot;size&quot;:&quot;&quot;,&quot;sizes&quot;:{&quot;start&quot;:0,&quot;end&quot;:100}}}\" data-widget_type=\"image.default\">\n\t\t\t\t<div class=\"elementor-widget-container\">\n\t\t\t\t\t\t\t\t\t\t\t\t\t\t\t<img decoding=\"async\" width=\"397\" height=\"486\" src=\"https:\/\/www.institut-cognition.com\/wp-content\/uploads\/2024\/07\/diverse-team-of-engineers-working-with-artificial-2023-11-27-05-25-59-utc-1.png\" class=\"attachment-large size-large wp-image-138\" alt=\"\" srcset=\"https:\/\/www.institut-cognition.com\/wp-content\/uploads\/2024\/07\/diverse-team-of-engineers-working-with-artificial-2023-11-27-05-25-59-utc-1.png 397w, https:\/\/www.institut-cognition.com\/wp-content\/uploads\/2024\/07\/diverse-team-of-engineers-working-with-artificial-2023-11-27-05-25-59-utc-1-245x300.png 245w\" sizes=\"(max-width: 397px) 100vw, 397px\" \/>\t\t\t\t\t\t\t\t\t\t\t\t\t\t\t<\/div>\n\t\t\t\t<\/div>\n\t\t\t\t<\/div>\n\t\t<div class=\"elementor-element elementor-element-7df10e7 e-con-full e-flex e-con e-child\" data-id=\"7df10e7\" data-element_type=\"container\" data-e-type=\"container\">\n\t\t\t\t<div class=\"elementor-element elementor-element-081b39e elementor-align-start elementor-widget__width-inherit elementor-mobile-align-start elementor-hidden-tablet elementor-icon-list--layout-traditional elementor-list-item-link-full_width elementor-invisible elementor-widget elementor-widget-icon-list\" data-id=\"081b39e\" data-element_type=\"widget\" data-e-type=\"widget\" data-settings=\"{&quot;_animation&quot;:&quot;fadeIn&quot;,&quot;_animation_delay&quot;:400}\" data-widget_type=\"icon-list.default\">\n\t\t\t\t<div class=\"elementor-widget-container\">\n\t\t\t\t\t\t\t<ul class=\"elementor-icon-list-items\">\n\t\t\t\t\t\t\t<li class=\"elementor-icon-list-item\">\n\t\t\t\t\t\t\t\t\t\t\t<span class=\"elementor-icon-list-icon\">\n\t\t\t\t\t\t\t<svg xmlns=\"http:\/\/www.w3.org\/2000\/svg\" width=\"25\" height=\"25\" viewBox=\"0 0 25 25\" fill=\"none\"><path d=\"M24 1L10.4091 23L1 10\" stroke=\"#2457C2\" stroke-width=\"2\" stroke-linecap=\"round\"><\/path><\/svg>\t\t\t\t\t\t<\/span>\n\t\t\t\t\t\t\t\t\t\t<span class=\"elementor-icon-list-text\">Un objectif affirm\u00e9 pour d\u00e9velopper les technologies cognitives<\/span>\n\t\t\t\t\t\t\t\t\t<\/li>\n\t\t\t\t\t\t<\/ul>\n\t\t\t\t\t\t<\/div>\n\t\t\t\t<\/div>\n\t\t\t\t<div class=\"elementor-element elementor-element-630992e elementor-widget__width-initial elementor-invisible elementor-widget elementor-widget-text-editor\" data-id=\"630992e\" data-element_type=\"widget\" data-e-type=\"widget\" data-settings=\"{&quot;_animation&quot;:&quot;fadeInUp&quot;}\" data-widget_type=\"text-editor.default\">\n\t\t\t\t<div class=\"elementor-widget-container\">\n\t\t\t\t\t\t\t\t\t<p>Accro\u00eetre l\u2019impact \u00e9conomique\u00a0des actions de R&amp;D men\u00e9es par les laboratoires des Carnot en partenariat avec les entreprises en termes de cr\u00e9ation d\u2019emploi, de chiffre d\u2019affaires national et \u00e0 l\u2019export, et donc de comp\u00e9titivit\u00e9.<\/p>\t\t\t\t\t\t\t\t<\/div>\n\t\t\t\t<\/div>\n\t\t\t\t<div class=\"elementor-element elementor-element-9159c83 elementor-align-start elementor-widget__width-inherit elementor-mobile-align-start elementor-hidden-tablet elementor-icon-list--layout-traditional elementor-list-item-link-full_width elementor-invisible elementor-widget elementor-widget-icon-list\" data-id=\"9159c83\" data-element_type=\"widget\" data-e-type=\"widget\" data-settings=\"{&quot;_animation&quot;:&quot;fadeIn&quot;,&quot;_animation_delay&quot;:400}\" data-widget_type=\"icon-list.default\">\n\t\t\t\t<div class=\"elementor-widget-container\">\n\t\t\t\t\t\t\t<ul class=\"elementor-icon-list-items\">\n\t\t\t\t\t\t\t<li class=\"elementor-icon-list-item\">\n\t\t\t\t\t\t\t\t\t\t\t<span class=\"elementor-icon-list-icon\">\n\t\t\t\t\t\t\t<svg xmlns=\"http:\/\/www.w3.org\/2000\/svg\" width=\"25\" height=\"25\" viewBox=\"0 0 25 25\" fill=\"none\"><path d=\"M24 1L10.4091 23L1 10\" stroke=\"#2457C2\" stroke-width=\"2\" stroke-linecap=\"round\"><\/path><\/svg>\t\t\t\t\t\t<\/span>\n\t\t\t\t\t\t\t\t\t\t<span class=\"elementor-icon-list-text\">Une r\u00e9ponse int\u00e9gr\u00e9e et pluridisciplinaire<\/span>\n\t\t\t\t\t\t\t\t\t<\/li>\n\t\t\t\t\t\t<\/ul>\n\t\t\t\t\t\t<\/div>\n\t\t\t\t<\/div>\n\t\t\t\t<div class=\"elementor-element elementor-element-835149c elementor-widget__width-initial elementor-invisible elementor-widget elementor-widget-text-editor\" data-id=\"835149c\" data-element_type=\"widget\" data-e-type=\"widget\" data-settings=\"{&quot;_animation&quot;:&quot;fadeInUp&quot;}\" data-widget_type=\"text-editor.default\">\n\t\t\t\t<div class=\"elementor-widget-container\">\n\t\t\t\t\t\t\t\t\t<p>Les instituts Carnot offrent un large spectre de comp\u00e9tences permettant de r\u00e9pondre aux besoins de R&amp;I des entreprises de tous les secteurs \u00e9conomiques. Afin de tirer parti de leurs compl\u00e9mentarit\u00e9s et de faire jouer les synergies au profit de leurs partenaires \u00e9conomiques, ils sont organis\u00e9s en\u00a0r\u00e9seau op\u00e9rationnel anim\u00e9 par <a href=\"https:\/\/www.instituts-carnot.eu\/fr\/association-des-instituts-carnot\">l\u2019AiCarnot<\/a>.<br \/><br \/>Leur contact permanent avec les entreprises leur permet d\u2019appr\u00e9hender et\u00a0d\u2019anticiper les r\u00e9ponses R&amp;I pour les diff\u00e9rents secteurs d\u2019activit\u00e9\u00a0au travers d\u2019une action proactive de ressourcement scientifique orient\u00e9 par le besoin.<\/p>\t\t\t\t\t\t\t\t<\/div>\n\t\t\t\t<\/div>\n\t\t\t\t<div class=\"elementor-element elementor-element-cbb81a6 elementor-align-start elementor-widget__width-inherit elementor-mobile-align-start elementor-hidden-tablet elementor-icon-list--layout-traditional elementor-list-item-link-full_width elementor-invisible elementor-widget elementor-widget-icon-list\" data-id=\"cbb81a6\" data-element_type=\"widget\" data-e-type=\"widget\" data-settings=\"{&quot;_animation&quot;:&quot;fadeIn&quot;,&quot;_animation_delay&quot;:400}\" data-widget_type=\"icon-list.default\">\n\t\t\t\t<div class=\"elementor-widget-container\">\n\t\t\t\t\t\t\t<ul class=\"elementor-icon-list-items\">\n\t\t\t\t\t\t\t<li class=\"elementor-icon-list-item\">\n\t\t\t\t\t\t\t\t\t\t\t<span class=\"elementor-icon-list-icon\">\n\t\t\t\t\t\t\t<svg xmlns=\"http:\/\/www.w3.org\/2000\/svg\" width=\"25\" height=\"25\" viewBox=\"0 0 25 25\" fill=\"none\"><path d=\"M24 1L10.4091 23L1 10\" stroke=\"#2457C2\" stroke-width=\"2\" stroke-linecap=\"round\"><\/path><\/svg>\t\t\t\t\t\t<\/span>\n\t\t\t\t\t\t\t\t\t\t<span class=\"elementor-icon-list-text\">La prise en compte des contraintes de chaque entreprise<\/span>\n\t\t\t\t\t\t\t\t\t<\/li>\n\t\t\t\t\t\t<\/ul>\n\t\t\t\t\t\t<\/div>\n\t\t\t\t<\/div>\n\t\t\t\t<div class=\"elementor-element elementor-element-e64b1ec elementor-widget__width-initial elementor-invisible elementor-widget elementor-widget-text-editor\" data-id=\"e64b1ec\" data-element_type=\"widget\" data-e-type=\"widget\" data-settings=\"{&quot;_animation&quot;:&quot;fadeInUp&quot;}\" data-widget_type=\"text-editor.default\">\n\t\t\t\t<div class=\"elementor-widget-container\">\n\t\t\t\t\t\t\t\t\t<p>Les instituts Carnot s\u2019appuient sur une d\u00e9marche d\u2019am\u00e9lioration continue du\u00a0professionnalisme de leur relation partenariale, du premier contact \u00e0 la fourniture des livrables et au recueil du retour de satisfaction, en passant par les phases de n\u00e9gociation et de montage de projet.<\/p>\t\t\t\t\t\t\t\t<\/div>\n\t\t\t\t<\/div>\n\t\t\t\t<\/div>\n\t\t\t\t\t<\/div>\n\t\t\t\t<\/div>\n\t\t<div class=\"elementor-element elementor-element-9a16867 e-flex e-con-boxed e-con e-parent\" data-id=\"9a16867\" data-element_type=\"container\" data-e-type=\"container\" data-settings=\"{&quot;background_background&quot;:&quot;classic&quot;}\">\n\t\t\t\t\t<div class=\"e-con-inner\">\n\t\t\t\t<div class=\"elementor-element elementor-element-70d0b64 elementor-align-center elementor-widget elementor-widget-button\" data-id=\"70d0b64\" data-element_type=\"widget\" data-e-type=\"widget\" data-widget_type=\"button.default\">\n\t\t\t\t<div class=\"elementor-widget-container\">\n\t\t\t\t\t\t\t\t\t<div class=\"elementor-button-wrapper\">\n\t\t\t\t\t<a class=\"elementor-button elementor-button-link elementor-size-sm\" href=\"https:\/\/www.lereseaudescarnot.fr\/fr\/chiffres-clefs\">\n\t\t\t\t\t\t<span class=\"elementor-button-content-wrapper\">\n\t\t\t\t\t\t\t\t\t<span class=\"elementor-button-text\">En savoir plus<\/span>\n\t\t\t\t\t<\/span>\n\t\t\t\t\t<\/a>\n\t\t\t\t<\/div>\n\t\t\t\t\t\t\t\t<\/div>\n\t\t\t\t<\/div>\n\t\t\t\t\t<\/div>\n\t\t\t\t<\/div>\n\t\t\t\t<\/div>\n\t\t","protected":false},"excerpt":{"rendered":"<p>Le r\u00e9seau Carnot La plus puissante offre de recherche pour l\u2019innovation des entreprises Nos expertises Contactez-nous Les 39 Carnot sont des&nbsp;structures de recherche publique, labellis\u00e9es par le minist\u00e8re de la recherche, qui prennent des engagements forts pour&nbsp;mener et d\u00e9velopper une activit\u00e9 de&nbsp;recherche partenariale&nbsp;au b\u00e9n\u00e9fice de l\u2019innovation des entreprises \u2013 de la PME au grand groupe&nbsp;\u2013 [&hellip;]<\/p>\n","protected":false},"author":23,"featured_media":0,"parent":0,"menu_order":0,"comment_status":"closed","ping_status":"closed","template":"","meta":{"_acf_changed":false,"_seopress_robots_primary_cat":"","_seopress_titles_title":"Le R\u00e9seau Carnot : 39 Structures de Recherche Partenariale pour l'Innovation","_seopress_titles_desc":"D\u00e9couvrez le R\u00e9seau Carnot : 39 structures de recherche publique engag\u00e9es pour l'innovation des entreprises et acteurs socio\u00e9conomiques.","_seopress_robots_index":"","footnotes":""},"class_list":["post-2988","page","type-page","status-publish","hentry"],"acf":[],"_links":{"self":[{"href":"https:\/\/www.institut-cognition.com\/en\/wp-json\/wp\/v2\/pages\/2988","targetHints":{"allow":["GET"]}}],"collection":[{"href":"https:\/\/www.institut-cognition.com\/en\/wp-json\/wp\/v2\/pages"}],"about":[{"href":"https:\/\/www.institut-cognition.com\/en\/wp-json\/wp\/v2\/types\/page"}],"author":[{"embeddable":true,"href":"https:\/\/www.institut-cognition.com\/en\/wp-json\/wp\/v2\/users\/23"}],"replies":[{"embeddable":true,"href":"https:\/\/www.institut-cognition.com\/en\/wp-json\/wp\/v2\/comments?post=2988"}],"version-history":[{"count":45,"href":"https:\/\/www.institut-cognition.com\/en\/wp-json\/wp\/v2\/pages\/2988\/revisions"}],"predecessor-version":[{"id":5354,"href":"https:\/\/www.institut-cognition.com\/en\/wp-json\/wp\/v2\/pages\/2988\/revisions\/5354"}],"wp:attachment":[{"href":"https:\/\/www.institut-cognition.com\/en\/wp-json\/wp\/v2\/media?parent=2988"}],"curies":[{"name":"wp","href":"https:\/\/api.w.org\/{rel}","templated":true}]}}